{"id":1983,"date":"2026-04-15T11:05:57","date_gmt":"2026-04-15T16:05:57","guid":{"rendered":"https:\/\/drdavidcontreras.com\/?page_id=1983"},"modified":"2026-04-15T12:13:47","modified_gmt":"2026-04-15T17:13:47","slug":"dr-david-contreras","status":"publish","type":"page","link":"https:\/\/drdavidcontreras.com\/en\/dr-david-contreras\/","title":{"rendered":"Dr David Contreras"},"content":{"rendered":"<div data-elementor-type=\"wp-page\" data-elementor-id=\"1983\" class=\"elementor elementor-1983\" data-elementor-post-type=\"page\">\n\t\t\t\t<div class=\"elementor-element elementor-element-1fa2165 e-con-full e-flex e-con e-parent\" data-id=\"1fa2165\" data-element_type=\"container\" data-e-type=\"container\">\n\t\t<div class=\"elementor-element elementor-element-62855f2 e-con-full e-flex e-con e-child\" data-id=\"62855f2\" data-element_type=\"container\" data-e-type=\"container\" data-settings=\"{&quot;background_background&quot;:&quot;classic&quot;}\">\n\t\t<div class=\"elementor-element elementor-element-a595e9a e-con-full e-flex e-con e-child\" data-id=\"a595e9a\" data-element_type=\"container\" data-e-type=\"container\">\n\t\t\t\t<div class=\"elementor-element elementor-element-80680b5 elementor-widget__width-auto elementor-widget-mobile__width-initial elementor-widget elementor-widget-heading\" data-id=\"80680b5\" data-element_type=\"widget\" data-e-type=\"widget\" data-widget_type=\"heading.default\">\n\t\t\t\t\t<h1 class=\"elementor-heading-title elementor-size-default\">Dr. <span class=\"gradient-text\">David Contreras<\/span><\/h1>\t\t\t\t<\/div>\n\t\t\t\t<div class=\"elementor-element elementor-element-b2da8a4 elementor-widget__width-initial elementor-widget-mobile__width-initial elementor-widget elementor-widget-text-editor\" data-id=\"b2da8a4\" data-element_type=\"widget\" data-e-type=\"widget\" data-widget_type=\"text-editor.default\">\n\t\t\t\t\t\t\t\t\t<p class=\"font_8 wixui-rich-text__text\"><span class=\"wixui-rich-text__text\">He is currently one of the most renowned medical professionals in Colombia and around the world in the field of regenerative medicine and biomolecular therapy.<\/span><\/p><p class=\"font_8 wixui-rich-text__text\"><span class=\"wixui-rich-text__text\">He graduated from the Nueva Granda Military University with a degree in medicine and surgery. \u00a0<\/span><\/p><p class=\"font_8 wixui-rich-text__text\"><span class=\"wixui-rich-text__text\">In addition, he recently conducted research on molecular biology, reprogramming, and differentiation of induced pluripotent stem cells (iPSCs) at the Hormel Institute at the Mayo Clinic at the University of Minnesota.<\/span><\/p><p class=\"font_8 wixui-rich-text__text\"><span class=\"wixui-rich-text__text\">\u200b<\/span><span class=\"wixui-rich-text__text\">Dr. David Contreras is the author and co-author of articles in journals and books in English, Chinese, and Spanish.<\/span><\/p><p class=\"font_8 wixui-rich-text__text\"><span class=\"wixui-rich-text__text\">\u200b<\/span><span class=\"wixui-rich-text__text\">He also regularly participates in international conferences as a speaker, takes part in national seminars, and delivers in-depth advanced training lectures at both the national and international levels.<\/span><\/p><p class=\"font_8 wixui-rich-text__text\"><span class=\"wixui-rich-text__text\">Dr. Contreras participated in the publication of the book *Cellular Molecular Therapy* in Hong Kong.<\/span><\/p>\t\t\t\t\t\t\t\t<\/div>\n\t\t<div class=\"elementor-element elementor-element-76d3e8b e-con-full e-flex e-con e-child\" data-id=\"76d3e8b\" data-element_type=\"container\" data-e-type=\"container\">\n\t\t<div class=\"elementor-element elementor-element-6470f8b e-con-full blur-box e-flex e-con e-child\" data-id=\"6470f8b\" data-element_type=\"container\" data-e-type=\"container\">\n\t\t\t\t<div class=\"elementor-element elementor-element-5aedbb4 elementor-widget elementor-widget-image\" data-id=\"5aedbb4\" data-element_type=\"widget\" data-e-type=\"widget\" data-widget_type=\"image.default\">\n\t\t\t\t\t\t\t\t\t\t\t\t\t\t\t<img fetchpriority=\"high\" decoding=\"async\" width=\"800\" height=\"800\" src=\"https:\/\/drdavidcontreras.com\/wp-content\/uploads\/2026\/03\/vecteezy_portrait-of-a-smiling-mature-woman-with-short-dark-hair_70871634-scaled-e1774901886854-1024x1024.webp\" class=\"attachment-large size-large wp-image-1309\" alt=\"\" srcset=\"https:\/\/drdavidcontreras.com\/wp-content\/uploads\/2026\/03\/vecteezy_portrait-of-a-smiling-mature-woman-with-short-dark-hair_70871634-scaled-e1774901886854-1024x1024.webp 1024w, https:\/\/drdavidcontreras.com\/wp-content\/uploads\/2026\/03\/vecteezy_portrait-of-a-smiling-mature-woman-with-short-dark-hair_70871634-scaled-e1774901886854-300x300.webp 300w, https:\/\/drdavidcontreras.com\/wp-content\/uploads\/2026\/03\/vecteezy_portrait-of-a-smiling-mature-woman-with-short-dark-hair_70871634-scaled-e1774901886854-150x150.webp 150w, https:\/\/drdavidcontreras.com\/wp-content\/uploads\/2026\/03\/vecteezy_portrait-of-a-smiling-mature-woman-with-short-dark-hair_70871634-scaled-e1774901886854-768x768.webp 768w, https:\/\/drdavidcontreras.com\/wp-content\/uploads\/2026\/03\/vecteezy_portrait-of-a-smiling-mature-woman-with-short-dark-hair_70871634-scaled-e1774901886854-1536x1536.webp 1536w, https:\/\/drdavidcontreras.com\/wp-content\/uploads\/2026\/03\/vecteezy_portrait-of-a-smiling-mature-woman-with-short-dark-hair_70871634-scaled-e1774901886854-2048x2048.webp 2048w\" sizes=\"(max-width: 800px) 100vw, 800px\" \/>\t\t\t\t\t\t\t\t\t\t\t\t\t\t\t<\/div>\n\t\t\t\t<div class=\"elementor-element elementor-element-8142c15 elementor-widget elementor-widget-image\" data-id=\"8142c15\" data-element_type=\"widget\" data-e-type=\"widget\" data-widget_type=\"image.default\">\n\t\t\t\t\t\t\t\t\t\t\t\t\t\t\t<img decoding=\"async\" width=\"800\" height=\"800\" src=\"https:\/\/drdavidcontreras.com\/wp-content\/uploads\/2026\/03\/vecteezy_business-person-stands-on-beach-with-arms-crossed-looking-at_76732695-e1774900744804-1024x1024.webp\" class=\"attachment-large size-large wp-image-1292\" alt=\"\" srcset=\"https:\/\/drdavidcontreras.com\/wp-content\/uploads\/2026\/03\/vecteezy_business-person-stands-on-beach-with-arms-crossed-looking-at_76732695-e1774900744804-1024x1024.webp 1024w, https:\/\/drdavidcontreras.com\/wp-content\/uploads\/2026\/03\/vecteezy_business-person-stands-on-beach-with-arms-crossed-looking-at_76732695-e1774900744804-300x300.webp 300w, https:\/\/drdavidcontreras.com\/wp-content\/uploads\/2026\/03\/vecteezy_business-person-stands-on-beach-with-arms-crossed-looking-at_76732695-e1774900744804-150x150.webp 150w, https:\/\/drdavidcontreras.com\/wp-content\/uploads\/2026\/03\/vecteezy_business-person-stands-on-beach-with-arms-crossed-looking-at_76732695-e1774900744804-768x768.webp 768w, https:\/\/drdavidcontreras.com\/wp-content\/uploads\/2026\/03\/vecteezy_business-person-stands-on-beach-with-arms-crossed-looking-at_76732695-e1774900744804-1536x1536.webp 1536w, https:\/\/drdavidcontreras.com\/wp-content\/uploads\/2026\/03\/vecteezy_business-person-stands-on-beach-with-arms-crossed-looking-at_76732695-e1774900744804-2048x2048.webp 2048w\" sizes=\"(max-width: 800px) 100vw, 800px\" \/>\t\t\t\t\t\t\t\t\t\t\t\t\t\t\t<\/div>\n\t\t\t\t<div class=\"elementor-element elementor-element-092a303 elementor-widget elementor-widget-image\" data-id=\"092a303\" data-element_type=\"widget\" data-e-type=\"widget\" data-widget_type=\"image.default\">\n\t\t\t\t\t\t\t\t\t\t\t\t\t\t\t<img decoding=\"async\" width=\"800\" height=\"800\" src=\"https:\/\/drdavidcontreras.com\/wp-content\/uploads\/2026\/03\/vecteezy_a-man-with-a-beard-and-grey-hair-smiling_66522574-scaled-e1774963584304-1024x1024.webp\" class=\"attachment-large size-large wp-image-1319\" alt=\"\" srcset=\"https:\/\/drdavidcontreras.com\/wp-content\/uploads\/2026\/03\/vecteezy_a-man-with-a-beard-and-grey-hair-smiling_66522574-scaled-e1774963584304-1024x1024.webp 1024w, https:\/\/drdavidcontreras.com\/wp-content\/uploads\/2026\/03\/vecteezy_a-man-with-a-beard-and-grey-hair-smiling_66522574-scaled-e1774963584304-300x300.webp 300w, https:\/\/drdavidcontreras.com\/wp-content\/uploads\/2026\/03\/vecteezy_a-man-with-a-beard-and-grey-hair-smiling_66522574-scaled-e1774963584304-150x150.webp 150w, https:\/\/drdavidcontreras.com\/wp-content\/uploads\/2026\/03\/vecteezy_a-man-with-a-beard-and-grey-hair-smiling_66522574-scaled-e1774963584304-768x768.webp 768w, https:\/\/drdavidcontreras.com\/wp-content\/uploads\/2026\/03\/vecteezy_a-man-with-a-beard-and-grey-hair-smiling_66522574-scaled-e1774963584304-1536x1536.webp 1536w, https:\/\/drdavidcontreras.com\/wp-content\/uploads\/2026\/03\/vecteezy_a-man-with-a-beard-and-grey-hair-smiling_66522574-scaled-e1774963584304-2048x2048.webp 2048w\" sizes=\"(max-width: 800px) 100vw, 800px\" \/>\t\t\t\t\t\t\t\t\t\t\t\t\t\t\t<\/div>\n\t\t\t\t<div class=\"elementor-element elementor-element-9e55f5d elementor-widget__width-auto elementor-widget-mobile__width-auto elementor-widget elementor-widget-heading\" data-id=\"9e55f5d\" data-element_type=\"widget\" data-e-type=\"widget\" data-widget_type=\"heading.default\">\n\t\t\t\t\t<h2 class=\"elementor-heading-title elementor-size-default\">+500 patients<\/h2>\t\t\t\t<\/div>\n\t\t\t\t<\/div>\n\t\t\t\t<div class=\"elementor-element elementor-element-b2b78bb elementor-widget__width-inherit elementor-widget-mobile__width-auto elementor-widget elementor-widget-heading\" data-id=\"b2b78bb\" data-element_type=\"widget\" data-e-type=\"widget\" data-widget_type=\"heading.default\">\n\t\t\t\t\t<h2 class=\"elementor-heading-title elementor-size-default\">Have seen an improvement in their quality of life<\/h2>\t\t\t\t<\/div>\n\t\t\t\t<\/div>\n\t\t\t\t<\/div>\n\t\t<div class=\"elementor-element elementor-element-5c0c842 e-con-full e-flex e-con e-child\" data-id=\"5c0c842\" data-element_type=\"container\" data-e-type=\"container\">\n\t\t\t\t<div class=\"elementor-element elementor-element-da05093 elementor-widget elementor-widget-image\" data-id=\"da05093\" data-element_type=\"widget\" data-e-type=\"widget\" data-widget_type=\"image.default\">\n\t\t\t\t\t\t\t\t\t\t\t\t\t\t\t<img loading=\"lazy\" decoding=\"async\" width=\"800\" height=\"627\" src=\"https:\/\/drdavidcontreras.com\/wp-content\/uploads\/2026\/04\/vecteezy_a-modern-mri-room-with-a-bed-and-a-tv_74502844-1024x802.webp\" class=\"attachment-large size-large wp-image-1991\" alt=\"\" srcset=\"https:\/\/drdavidcontreras.com\/wp-content\/uploads\/2026\/04\/vecteezy_a-modern-mri-room-with-a-bed-and-a-tv_74502844-1024x802.webp 1024w, https:\/\/drdavidcontreras.com\/wp-content\/uploads\/2026\/04\/vecteezy_a-modern-mri-room-with-a-bed-and-a-tv_74502844-300x235.webp 300w, https:\/\/drdavidcontreras.com\/wp-content\/uploads\/2026\/04\/vecteezy_a-modern-mri-room-with-a-bed-and-a-tv_74502844-768x601.webp 768w, https:\/\/drdavidcontreras.com\/wp-content\/uploads\/2026\/04\/vecteezy_a-modern-mri-room-with-a-bed-and-a-tv_74502844-1536x1203.webp 1536w, https:\/\/drdavidcontreras.com\/wp-content\/uploads\/2026\/04\/vecteezy_a-modern-mri-room-with-a-bed-and-a-tv_74502844-2048x1604.webp 2048w\" sizes=\"(max-width: 800px) 100vw, 800px\" \/>\t\t\t\t\t\t\t\t\t\t\t\t\t\t\t<\/div>\n\t\t\t\t<\/div>\n\t\t\t\t<\/div>\n\t\t\t\t<\/div>\n\t\t\t\t<\/div>","protected":false},"excerpt":{"rendered":"<p>Dr. David Contreras Actualmente uno de los profesionales m\u00e9dicos m\u00e1s reconocidos en Colombia y el mundo en el manejo de tratamientos de regeneraci\u00f3n y terapia biomolecular. Se gradu\u00f3 de la Universidad Militar Nueva Granda como M\u00e9dico y Cirujano. \u00a0 Adem\u00e1s, recientemente realiz\u00f3 investigaciones en biolog\u00eda molecular, reprogramaci\u00f3n y diferenciaci\u00f3n de c\u00e9lulas madre pluripotentes inducidas (iPSCs) [&hellip;]<\/p>\n","protected":false},"author":1,"featured_media":0,"parent":0,"menu_order":0,"comment_status":"closed","ping_status":"closed","template":"","meta":{"footnotes":""},"class_list":["post-1983","page","type-page","status-publish","hentry"],"_links":{"self":[{"href":"https:\/\/drdavidcontreras.com\/en\/wp-json\/wp\/v2\/pages\/1983","targetHints":{"allow":["GET"]}}],"collection":[{"href":"https:\/\/drdavidcontreras.com\/en\/wp-json\/wp\/v2\/pages"}],"about":[{"href":"https:\/\/drdavidcontreras.com\/en\/wp-json\/wp\/v2\/types\/page"}],"author":[{"embeddable":true,"href":"https:\/\/drdavidcontreras.com\/en\/wp-json\/wp\/v2\/users\/1"}],"replies":[{"embeddable":true,"href":"https:\/\/drdavidcontreras.com\/en\/wp-json\/wp\/v2\/comments?post=1983"}],"version-history":[{"count":46,"href":"https:\/\/drdavidcontreras.com\/en\/wp-json\/wp\/v2\/pages\/1983\/revisions"}],"predecessor-version":[{"id":2064,"href":"https:\/\/drdavidcontreras.com\/en\/wp-json\/wp\/v2\/pages\/1983\/revisions\/2064"}],"wp:attachment":[{"href":"https:\/\/drdavidcontreras.com\/en\/wp-json\/wp\/v2\/media?parent=1983"}],"curies":[{"name":"wp","href":"https:\/\/api.w.org\/{rel}","templated":true}]}}